{"id":16,"date":"2022-10-07T11:58:59","date_gmt":"2022-10-07T09:58:59","guid":{"rendered":"http:\/\/www.schadenhofer.com\/?page_id=16"},"modified":"2023-06-02T11:17:24","modified_gmt":"2023-06-02T09:17:24","slug":"unser-betrieb","status":"publish","type":"page","link":"http:\/\/www.schadenhofer.com\/?page_id=16","title":{"rendered":"Unser Betrieb"},"content":{"rendered":"\n<p>Der Betrieb befindet sich im wundersch\u00f6nen Nieder\u00f6sterreich genauer gesagt im Mostviertel, in der Gemeinde Oberndorf an der Melk. Bewirtschaftet wird dieser seit ein paar hundert Jahren.<\/p>\n\n\n\n<div class=\"wp-block-columns is-layout-flex wp-container-core-columns-is-layout-9d6595d7 wp-block-columns-is-layout-flex\">\n<div class=\"wp-block-column is-layout-flow wp-block-column-is-layout-flow\">\n<figure class=\"wp-block-image size-large\"><img loading=\"lazy\" decoding=\"async\" width=\"791\" height=\"1024\" src=\"http:\/\/www.schadenhofer.com\/wp-content\/uploads\/2022\/12\/Haus-foto-1-791x1024.jpg\" alt=\"\" class=\"wp-image-318\" srcset=\"http:\/\/www.schadenhofer.com\/wp-content\/uploads\/2022\/12\/Haus-foto-1-791x1024.jpg 791w, http:\/\/www.schadenhofer.com\/wp-content\/uploads\/2022\/12\/Haus-foto-1-232x300.jpg 232w, http:\/\/www.schadenhofer.com\/wp-content\/uploads\/2022\/12\/Haus-foto-1-768x994.jpg 768w, http:\/\/www.schadenhofer.com\/wp-content\/uploads\/2022\/12\/Haus-foto-1-1187x1536.jpg 1187w, http:\/\/www.schadenhofer.com\/wp-content\/uploads\/2022\/12\/Haus-foto-1-1583x2048.jpg 1583w, http:\/\/www.schadenhofer.com\/wp-content\/uploads\/2022\/12\/Haus-foto-1-scaled.jpg 1978w\" sizes=\"auto, (max-width: 791px) 100vw, 791px\" \/><\/figure>\n<\/div>\n\n\n\n<div class=\"wp-block-column is-layout-flow wp-block-column-is-layout-flow\">\n<figure class=\"wp-block-image size-large\"><img loading=\"lazy\" decoding=\"async\" width=\"791\" height=\"1024\" src=\"http:\/\/www.schadenhofer.com\/wp-content\/uploads\/2022\/12\/Bild1-4-791x1024.jpg\" alt=\"\" class=\"wp-image-319\" srcset=\"http:\/\/www.schadenhofer.com\/wp-content\/uploads\/2022\/12\/Bild1-4-791x1024.jpg 791w, http:\/\/www.schadenhofer.com\/wp-content\/uploads\/2022\/12\/Bild1-4-232x300.jpg 232w, http:\/\/www.schadenhofer.com\/wp-content\/uploads\/2022\/12\/Bild1-4-768x994.jpg 768w, http:\/\/www.schadenhofer.com\/wp-content\/uploads\/2022\/12\/Bild1-4-1187x1536.jpg 1187w, http:\/\/www.schadenhofer.com\/wp-content\/uploads\/2022\/12\/Bild1-4-1583x2048.jpg 1583w, http:\/\/www.schadenhofer.com\/wp-content\/uploads\/2022\/12\/Bild1-4-scaled.jpg 1978w\" sizes=\"auto, (max-width: 791px) 100vw, 791px\" \/><\/figure>\n<\/div>\n\n\n\n<div class=\"wp-block-column is-layout-flow wp-block-column-is-layout-flow\">\n<figure class=\"wp-block-image size-large\"><img loading=\"lazy\" decoding=\"async\" width=\"791\" height=\"1024\" src=\"http:\/\/www.schadenhofer.com\/wp-content\/uploads\/2022\/12\/Katzen-1-791x1024.jpg\" alt=\"\" class=\"wp-image-320\" srcset=\"http:\/\/www.schadenhofer.com\/wp-content\/uploads\/2022\/12\/Katzen-1-791x1024.jpg 791w, http:\/\/www.schadenhofer.com\/wp-content\/uploads\/2022\/12\/Katzen-1-232x300.jpg 232w, http:\/\/www.schadenhofer.com\/wp-content\/uploads\/2022\/12\/Katzen-1-768x994.jpg 768w, http:\/\/www.schadenhofer.com\/wp-content\/uploads\/2022\/12\/Katzen-1-1187x1536.jpg 1187w, http:\/\/www.schadenhofer.com\/wp-content\/uploads\/2022\/12\/Katzen-1-1583x2048.jpg 1583w, http:\/\/www.schadenhofer.com\/wp-content\/uploads\/2022\/12\/Katzen-1-scaled.jpg 1978w\" sizes=\"auto, (max-width: 791px) 100vw, 791px\" \/><\/figure>\n<\/div>\n<\/div>\n\n\n\n<p>Bis vor circa acht Jahren wurden drei\u00dfig K\u00fche mit einem vierer Tandem Melkstand gemolken. Da es viele Argumente f\u00fcr einen Stallumbau gab, sprich das Stallklima, die lange Zeit beim Melken, engen Raum f\u00fcr die K\u00fche\u2026 entschieden sich Rupert und Eva Schadenhofer f\u00fcr einen Umbau. Die Stallarbeit vor dem Umbau dauerte inklusive melken fast drei Stunden an, und deshalb war eine Arbeitserleichterung n\u00f6tig.<br>Heute werden etwa sechzig K\u00fche mit einem Melkroboter von der Firma De Laval gemolken.&nbsp; Noch dazu haben wir f\u00fcnfundf\u00fcnfzig Kalbinnen von eigener Nachzucht. Unsere K\u00fche und Kalbinnen sind alle von der Rasse Fleckvieh.<br>Wir bewirtschaften ungef\u00e4hr eine Fl\u00e4che von sechzig Hektar. Davon sind drei\u00dfig Hektar Gr\u00fcnland und drei\u00dfig Hektar Ackerfl\u00e4che. Diese Fl\u00e4chen bearbeiten wir mit einen 6145 Steyr, 105 Case ICH, 964 Steyr und mit einen Steyr 40. Wir sind auch Mitglied bei einer Maschinengemeinschaft und k\u00f6nnen wir viele Ger\u00e4tschaften, die in der Anschaffung sehr teuer sind g\u00fcnstig nutzen.<\/p>\n\n\n\n<p class=\"has-text-align-left has-medium-font-size\"><\/p>\n\n\n\n<div class=\"wp-block-media-text alignwide is-stacked-on-mobile\"><figure class=\"wp-block-media-text__media\"><img loading=\"lazy\" decoding=\"async\" width=\"828\" height=\"596\" src=\"http:\/\/www.schadenhofer.com\/wp-content\/uploads\/2022\/12\/Roboter-2.jpeg\" alt=\"\" class=\"wp-image-305 size-full\" srcset=\"http:\/\/www.schadenhofer.com\/wp-content\/uploads\/2022\/12\/Roboter-2.jpeg 828w, http:\/\/www.schadenhofer.com\/wp-content\/uploads\/2022\/12\/Roboter-2-300x216.jpeg 300w, http:\/\/www.schadenhofer.com\/wp-content\/uploads\/2022\/12\/Roboter-2-768x553.jpeg 768w\" sizes=\"auto, (max-width: 828px) 100vw, 828px\" \/><\/figure><div class=\"wp-block-media-text__content\">\n<p class=\"has-medium-font-size\"><strong>Unser Melkroboter<\/strong><\/p>\n\n\n\n<p class=\"has-small-font-size\">Unsere K\u00fche werden mit einem Melkroboter der Firma DeLaval gemolken. Das vollautomatische Melksystem ist seit November 2014 im Betrieb.<\/p>\n<\/div><\/div>\n\n\n\n<div class=\"wp-block-media-text alignwide has-media-on-the-right is-stacked-on-mobile\" style=\"grid-template-columns:auto 21%\"><div class=\"wp-block-media-text__content\">\n<p class=\"has-medium-font-size\"><strong>Der Abkalbesensor-Moocall<\/strong><\/p>\n\n\n\n<p class=\"has-small-font-size\">Der MOOCALL \u00fcberwacht die tr\u00e4chtige Kuh. Der Sensor, der am Schwanz der Kuh angebracht wird \u00fcberwacht die Wehen der Kuh, um genau zu bestimmen, wann sie wahrscheinlich kalben wird. Dann sendet es eine SMS-Benachrichtigung oder eine Benachrichtigung in der App, dass der Bauer beim Abkalben anwesend sein kann. Normalerweise wird dieses SMS 1 Stunde vor dem Abkalben gesendet.<br>Dieser Sensor ist sehr praktisch und zuverl\u00e4ssig. Bis jetzt war jede Benachrichtigung richtig und wir konnten beim Abkalben anwesend sein und mithelfen. Bei einer schweren Kalbung kann diese Benachrichtigung oft das Kalb retten.<\/p>\n\n\n\n<p style=\"font-size:5px\">https:\/\/www.google.com\/url?sa=i&#038;url=https%3A%2F%2Fwww.moocall.com%2Fde%2F&#038;psig=AOvVaw0l-daD_DCTPXf_S-HHbbEx&#038;ust=1670838829724000&#038;source=images&#038;cd=vfe&#038;ved=0CBAQjRxqFwoTCMCwweml8fsCFQAAAAAdAAAAABAF <\/p>\n<\/div><figure class=\"wp-block-media-text__media\"><img loading=\"lazy\" decoding=\"async\" width=\"141\" height=\"300\" src=\"http:\/\/www.schadenhofer.com\/wp-content\/uploads\/2022\/12\/Moocall_Sensor-1.png\" alt=\"\" class=\"wp-image-324 size-full\"\/><\/figure><\/div>\n\n\n<div class=\"wp-block-image\">\n<figure class=\"aligncenter size-full\"><a href=\"https:\/\/vimeo.com\/832545493?share=copy\"><img loading=\"lazy\" decoding=\"async\" width=\"598\" height=\"332\" src=\"http:\/\/www.schadenhofer.com\/wp-content\/uploads\/2023\/01\/image-1.png\" alt=\"\" class=\"wp-image-390\" srcset=\"http:\/\/www.schadenhofer.com\/wp-content\/uploads\/2023\/01\/image-1.png 598w, http:\/\/www.schadenhofer.com\/wp-content\/uploads\/2023\/01\/image-1-300x167.png 300w\" sizes=\"auto, (max-width: 598px) 100vw, 598px\" \/><\/a><\/figure>\n<\/div>","protected":false},"excerpt":{"rendered":"<p>Der Betrieb befindet sich im wundersch\u00f6nen Nieder\u00f6sterreich genauer gesagt im Mostviertel, in der Gemeinde Oberndorf an der Melk. Bewirtschaftet wird dieser seit ein paar hundert Jahren. Bis vor circa acht Jahren wurden drei\u00dfig K\u00fche mit einem vierer Tandem Melkstand gemolken. Da es viele Argumente f\u00fcr einen Stallumbau gab, sprich das Stallklima, die lange Zeit beim <a class=\"read-more\" href=\"http:\/\/www.schadenhofer.com\/?page_id=16\">READ MORE<\/a><\/p>\n","protected":false},"author":1,"featured_media":0,"parent":0,"menu_order":3,"comment_status":"closed","ping_status":"closed","template":"","meta":{"ngg_post_thumbnail":0,"footnotes":""},"class_list":["post-16","page","type-page","status-publish","hentry"],"yoast_head":"<!-- This site is optimized with the Yoast SEO plugin v20.8 - https:\/\/yoast.com\/wordpress\/plugins\/seo\/ -->\n<title>Unser Betrieb - Landwirtschaftlicher Betrieb Schadenhofer<\/title>\n<meta name=\"robots\" content=\"index, follow, max-snippet:-1, max-image-preview:large, max-video-preview:-1\" \/>\n<link rel=\"canonical\" href=\"http:\/\/www.schadenhofer.com\/?page_id=16\" \/>\n<meta property=\"og:locale\" content=\"de_DE\" \/>\n<meta property=\"og:type\" content=\"article\" \/>\n<meta property=\"og:title\" content=\"Unser Betrieb - Landwirtschaftlicher Betrieb Schadenhofer\" \/>\n<meta property=\"og:description\" content=\"Der Betrieb befindet sich im wundersch\u00f6nen Nieder\u00f6sterreich genauer gesagt im Mostviertel, in der Gemeinde Oberndorf an der Melk. Bewirtschaftet wird dieser seit ein paar hundert Jahren. Bis vor circa acht Jahren wurden drei\u00dfig K\u00fche mit einem vierer Tandem Melkstand gemolken. Da es viele Argumente f\u00fcr einen Stallumbau gab, sprich das Stallklima, die lange Zeit beim READ MORE\" \/>\n<meta property=\"og:url\" content=\"http:\/\/www.schadenhofer.com\/?page_id=16\" \/>\n<meta property=\"og:site_name\" content=\"Landwirtschaftlicher Betrieb Schadenhofer\" \/>\n<meta property=\"article:modified_time\" content=\"2023-06-02T09:17:24+00:00\" \/>\n<meta property=\"og:image\" content=\"http:\/\/www.schadenhofer.com\/wp-content\/uploads\/2022\/12\/Haus-foto-1-791x1024.jpg\" \/>\n<meta name=\"twitter:card\" content=\"summary_large_image\" \/>\n<meta name=\"twitter:label1\" content=\"Gesch\u00e4tzte Lesezeit\" \/>\n\t<meta name=\"twitter:data1\" content=\"3\u00a0Minuten\" \/>\n<script type=\"application\/ld+json\" class=\"yoast-schema-graph\">{\"@context\":\"https:\/\/schema.org\",\"@graph\":[{\"@type\":\"WebPage\",\"@id\":\"http:\/\/www.schadenhofer.com\/?page_id=16\",\"url\":\"http:\/\/www.schadenhofer.com\/?page_id=16\",\"name\":\"Unser Betrieb - Landwirtschaftlicher Betrieb Schadenhofer\",\"isPartOf\":{\"@id\":\"http:\/\/www.schadenhofer.com\/#website\"},\"datePublished\":\"2022-10-07T09:58:59+00:00\",\"dateModified\":\"2023-06-02T09:17:24+00:00\",\"breadcrumb\":{\"@id\":\"http:\/\/www.schadenhofer.com\/?page_id=16#breadcrumb\"},\"inLanguage\":\"de\",\"potentialAction\":[{\"@type\":\"ReadAction\",\"target\":[\"http:\/\/www.schadenhofer.com\/?page_id=16\"]}]},{\"@type\":\"BreadcrumbList\",\"@id\":\"http:\/\/www.schadenhofer.com\/?page_id=16#breadcrumb\",\"itemListElement\":[{\"@type\":\"ListItem\",\"position\":1,\"name\":\"Startseite\",\"item\":\"http:\/\/www.schadenhofer.com\/\"},{\"@type\":\"ListItem\",\"position\":2,\"name\":\"Unser Betrieb\"}]},{\"@type\":\"WebSite\",\"@id\":\"http:\/\/www.schadenhofer.com\/#website\",\"url\":\"http:\/\/www.schadenhofer.com\/\",\"name\":\"Landwirtschaftlicher Betrieb Schadenhofer\",\"description\":\"Milchviehbetrieb im Mostviertel\",\"publisher\":{\"@id\":\"http:\/\/www.schadenhofer.com\/#organization\"},\"potentialAction\":[{\"@type\":\"SearchAction\",\"target\":{\"@type\":\"EntryPoint\",\"urlTemplate\":\"http:\/\/www.schadenhofer.com\/?s={search_term_string}\"},\"query-input\":\"required name=search_term_string\"}],\"inLanguage\":\"de\"},{\"@type\":\"Organization\",\"@id\":\"http:\/\/www.schadenhofer.com\/#organization\",\"name\":\"Schadenhofer\",\"alternateName\":\"Landwirtschaftlicher Betrieb Schadenhofer\",\"url\":\"http:\/\/www.schadenhofer.com\/\",\"logo\":{\"@type\":\"ImageObject\",\"inLanguage\":\"de\",\"@id\":\"http:\/\/www.schadenhofer.com\/#\/schema\/logo\/image\/\",\"url\":\"http:\/\/www.schadenhofer.com\/wp-content\/uploads\/2023\/04\/cropped-Banner-neu-Website-scaled-1.jpg\",\"contentUrl\":\"http:\/\/www.schadenhofer.com\/wp-content\/uploads\/2023\/04\/cropped-Banner-neu-Website-scaled-1.jpg\",\"width\":2558,\"height\":367,\"caption\":\"Schadenhofer\"},\"image\":{\"@id\":\"http:\/\/www.schadenhofer.com\/#\/schema\/logo\/image\/\"}}]}<\/script>\n<!-- \/ Yoast SEO plugin. -->","yoast_head_json":{"title":"Unser Betrieb - Landwirtschaftlicher Betrieb Schadenhofer","robots":{"index":"index","follow":"follow","max-snippet":"max-snippet:-1","max-image-preview":"max-image-preview:large","max-video-preview":"max-video-preview:-1"},"canonical":"http:\/\/www.schadenhofer.com\/?page_id=16","og_locale":"de_DE","og_type":"article","og_title":"Unser Betrieb - Landwirtschaftlicher Betrieb Schadenhofer","og_description":"Der Betrieb befindet sich im wundersch\u00f6nen Nieder\u00f6sterreich genauer gesagt im Mostviertel, in der Gemeinde Oberndorf an der Melk. Bewirtschaftet wird dieser seit ein paar hundert Jahren. Bis vor circa acht Jahren wurden drei\u00dfig K\u00fche mit einem vierer Tandem Melkstand gemolken. Da es viele Argumente f\u00fcr einen Stallumbau gab, sprich das Stallklima, die lange Zeit beim READ MORE","og_url":"http:\/\/www.schadenhofer.com\/?page_id=16","og_site_name":"Landwirtschaftlicher Betrieb Schadenhofer","article_modified_time":"2023-06-02T09:17:24+00:00","og_image":[{"url":"http:\/\/www.schadenhofer.com\/wp-content\/uploads\/2022\/12\/Haus-foto-1-791x1024.jpg"}],"twitter_card":"summary_large_image","twitter_misc":{"Gesch\u00e4tzte Lesezeit":"3\u00a0Minuten"},"schema":{"@context":"https:\/\/schema.org","@graph":[{"@type":"WebPage","@id":"http:\/\/www.schadenhofer.com\/?page_id=16","url":"http:\/\/www.schadenhofer.com\/?page_id=16","name":"Unser Betrieb - Landwirtschaftlicher Betrieb Schadenhofer","isPartOf":{"@id":"http:\/\/www.schadenhofer.com\/#website"},"datePublished":"2022-10-07T09:58:59+00:00","dateModified":"2023-06-02T09:17:24+00:00","breadcrumb":{"@id":"http:\/\/www.schadenhofer.com\/?page_id=16#breadcrumb"},"inLanguage":"de","potentialAction":[{"@type":"ReadAction","target":["http:\/\/www.schadenhofer.com\/?page_id=16"]}]},{"@type":"BreadcrumbList","@id":"http:\/\/www.schadenhofer.com\/?page_id=16#breadcrumb","itemListElement":[{"@type":"ListItem","position":1,"name":"Startseite","item":"http:\/\/www.schadenhofer.com\/"},{"@type":"ListItem","position":2,"name":"Unser Betrieb"}]},{"@type":"WebSite","@id":"http:\/\/www.schadenhofer.com\/#website","url":"http:\/\/www.schadenhofer.com\/","name":"Landwirtschaftlicher Betrieb Schadenhofer","description":"Milchviehbetrieb im Mostviertel","publisher":{"@id":"http:\/\/www.schadenhofer.com\/#organization"},"potentialAction":[{"@type":"SearchAction","target":{"@type":"EntryPoint","urlTemplate":"http:\/\/www.schadenhofer.com\/?s={search_term_string}"},"query-input":"required name=search_term_string"}],"inLanguage":"de"},{"@type":"Organization","@id":"http:\/\/www.schadenhofer.com\/#organization","name":"Schadenhofer","alternateName":"Landwirtschaftlicher Betrieb Schadenhofer","url":"http:\/\/www.schadenhofer.com\/","logo":{"@type":"ImageObject","inLanguage":"de","@id":"http:\/\/www.schadenhofer.com\/#\/schema\/logo\/image\/","url":"http:\/\/www.schadenhofer.com\/wp-content\/uploads\/2023\/04\/cropped-Banner-neu-Website-scaled-1.jpg","contentUrl":"http:\/\/www.schadenhofer.com\/wp-content\/uploads\/2023\/04\/cropped-Banner-neu-Website-scaled-1.jpg","width":2558,"height":367,"caption":"Schadenhofer"},"image":{"@id":"http:\/\/www.schadenhofer.com\/#\/schema\/logo\/image\/"}}]}},"_links":{"self":[{"href":"http:\/\/www.schadenhofer.com\/index.php?rest_route=\/wp\/v2\/pages\/16","targetHints":{"allow":["GET"]}}],"collection":[{"href":"http:\/\/www.schadenhofer.com\/index.php?rest_route=\/wp\/v2\/pages"}],"about":[{"href":"http:\/\/www.schadenhofer.com\/index.php?rest_route=\/wp\/v2\/types\/page"}],"author":[{"embeddable":true,"href":"http:\/\/www.schadenhofer.com\/index.php?rest_route=\/wp\/v2\/users\/1"}],"replies":[{"embeddable":true,"href":"http:\/\/www.schadenhofer.com\/index.php?rest_route=%2Fwp%2Fv2%2Fcomments&post=16"}],"version-history":[{"count":22,"href":"http:\/\/www.schadenhofer.com\/index.php?rest_route=\/wp\/v2\/pages\/16\/revisions"}],"predecessor-version":[{"id":416,"href":"http:\/\/www.schadenhofer.com\/index.php?rest_route=\/wp\/v2\/pages\/16\/revisions\/416"}],"wp:attachment":[{"href":"http:\/\/www.schadenhofer.com\/index.php?rest_route=%2Fwp%2Fv2%2Fmedia&parent=16"}],"curies":[{"name":"wp","href":"https:\/\/api.w.org\/{rel}","templated":true}]}}