{"id":22,"date":"2022-10-07T11:59:33","date_gmt":"2022-10-07T09:59:33","guid":{"rendered":"http:\/\/www.schadenhofer.com\/?page_id=22"},"modified":"2023-01-13T15:50:47","modified_gmt":"2023-01-13T14:50:47","slug":"impressum","status":"publish","type":"page","link":"http:\/\/www.schadenhofer.com\/?page_id=22","title":{"rendered":"Impressum"},"content":{"rendered":"\n<h3 class=\"wp-block-heading\"><\/h3>\n\n\n\n<p>Landwirtschaftlicher Betrieb Schadenhofer<br>3281 Oberndorf, Weissee 2<br>Tel: <a href=\"http:\/\/tel.0676\/5044360\" data-type=\"URL\" data-id=\"tel.0676\/5044360\">+43 676 5044360<\/a><br>E-Mail: <a href=\"mailto:e.r.schadenhofer@gmail.com\">e.r.schadenhofer@gmail.com<\/a><br>Betriebsnummer: 1844725<\/p>\n\n\n\n<p><strong>Zweck des Mediums:<\/strong><strong><br><\/strong>Die Website versteht sich als Informationsmedium f\u00fcr alle Interessierten.<\/p>\n\n\n\n<p><strong>Copyright:<\/strong><strong><br><\/strong>Wenn nicht anders angegeben, liegt das Copyright f\u00fcr die jeweiligen Seiten bei Herr Rupert Schadenhofer.<br>Anregungen sind direkt an Herr Rupert Schadenhofer zu richten.<\/p>\n\n\n\n<p><strong>Haftungsinformationen:<\/strong><strong><br><\/strong>F\u00fcr Vollst\u00e4ndigkeit, Fehler redaktioneller und technischer Art bzw. Richtigkeit der Eintragungen wird keine Haftung \u00fcbernommen.<br>Herr Rupert Schadenhofer beh\u00e4lt sich das Recht vor, ohne vorherige Ank\u00fcndigung Ver\u00e4nderungen der bereitgestellten Informationen vorzunehmen.<\/p>\n\n\n\n<p><strong>Technische Umsetzung:<\/strong><strong><br><\/strong>Das Konzept f\u00fcr diese Website wurde im Rahmen eines Schulprojekts<br>der HLW St. P\u00f6lten &#8211; Ausbildungsschwerpunkt IT-creativ im Jahr 2022\/23 erstellt.<br>Projektmitglieder: Katharina Rupp, Verena Schadenhofer<\/p>\n\n\n\n<p><\/p>\n","protected":false},"excerpt":{"rendered":"<p>Landwirtschaftlicher Betrieb Schadenhofer3281 Oberndorf, Weissee 2Tel: +43 676 5044360E-Mail: e.r.schadenhofer@gmail.comBetriebsnummer: 1844725 Zweck des Mediums:Die Website versteht sich als Informationsmedium f\u00fcr alle Interessierten. Copyright:Wenn nicht anders angegeben, liegt das Copyright f\u00fcr die jeweiligen Seiten bei Herr Rupert Schadenhofer.Anregungen sind direkt an Herr Rupert Schadenhofer zu richten. Haftungsinformationen:F\u00fcr Vollst\u00e4ndigkeit, Fehler redaktioneller und technischer Art bzw. Richtigkeit der <a class=\"read-more\" href=\"http:\/\/www.schadenhofer.com\/?page_id=22\">READ MORE<\/a><\/p>\n","protected":false},"author":1,"featured_media":0,"parent":0,"menu_order":6,"comment_status":"closed","ping_status":"closed","template":"","meta":{"ngg_post_thumbnail":0,"footnotes":""},"class_list":["post-22","page","type-page","status-publish","hentry"],"yoast_head":"<!-- This site is optimized with the Yoast SEO plugin v20.8 - https:\/\/yoast.com\/wordpress\/plugins\/seo\/ -->\n<title>Impressum - Landwirtschaftlicher Betrieb Schadenhofer<\/title>\n<meta name=\"robots\" content=\"index, follow, max-snippet:-1, max-image-preview:large, max-video-preview:-1\" \/>\n<link rel=\"canonical\" href=\"http:\/\/www.schadenhofer.com\/?page_id=22\" \/>\n<meta property=\"og:locale\" content=\"de_DE\" \/>\n<meta property=\"og:type\" content=\"article\" \/>\n<meta property=\"og:title\" content=\"Impressum - Landwirtschaftlicher Betrieb Schadenhofer\" \/>\n<meta property=\"og:description\" content=\"Landwirtschaftlicher Betrieb Schadenhofer3281 Oberndorf, Weissee 2Tel: +43 676 5044360E-Mail: e.r.schadenhofer@gmail.comBetriebsnummer: 1844725 Zweck des Mediums:Die Website versteht sich als Informationsmedium f\u00fcr alle Interessierten. Copyright:Wenn nicht anders angegeben, liegt das Copyright f\u00fcr die jeweiligen Seiten bei Herr Rupert Schadenhofer.Anregungen sind direkt an Herr Rupert Schadenhofer zu richten. Haftungsinformationen:F\u00fcr Vollst\u00e4ndigkeit, Fehler redaktioneller und technischer Art bzw. Richtigkeit der READ MORE\" \/>\n<meta property=\"og:url\" content=\"http:\/\/www.schadenhofer.com\/?page_id=22\" \/>\n<meta property=\"og:site_name\" content=\"Landwirtschaftlicher Betrieb Schadenhofer\" \/>\n<meta property=\"article:modified_time\" content=\"2023-01-13T14:50:47+00:00\" \/>\n<meta name=\"twitter:card\" content=\"summary_large_image\" \/>\n<meta name=\"twitter:label1\" content=\"Gesch\u00e4tzte Lesezeit\" \/>\n\t<meta name=\"twitter:data1\" content=\"1\u00a0Minute\" \/>\n<script type=\"application\/ld+json\" class=\"yoast-schema-graph\">{\"@context\":\"https:\/\/schema.org\",\"@graph\":[{\"@type\":\"WebPage\",\"@id\":\"http:\/\/www.schadenhofer.com\/?page_id=22\",\"url\":\"http:\/\/www.schadenhofer.com\/?page_id=22\",\"name\":\"Impressum - Landwirtschaftlicher Betrieb Schadenhofer\",\"isPartOf\":{\"@id\":\"http:\/\/www.schadenhofer.com\/#website\"},\"datePublished\":\"2022-10-07T09:59:33+00:00\",\"dateModified\":\"2023-01-13T14:50:47+00:00\",\"breadcrumb\":{\"@id\":\"http:\/\/www.schadenhofer.com\/?page_id=22#breadcrumb\"},\"inLanguage\":\"de\",\"potentialAction\":[{\"@type\":\"ReadAction\",\"target\":[\"http:\/\/www.schadenhofer.com\/?page_id=22\"]}]},{\"@type\":\"BreadcrumbList\",\"@id\":\"http:\/\/www.schadenhofer.com\/?page_id=22#breadcrumb\",\"itemListElement\":[{\"@type\":\"ListItem\",\"position\":1,\"name\":\"Startseite\",\"item\":\"http:\/\/www.schadenhofer.com\/\"},{\"@type\":\"ListItem\",\"position\":2,\"name\":\"Impressum\"}]},{\"@type\":\"WebSite\",\"@id\":\"http:\/\/www.schadenhofer.com\/#website\",\"url\":\"http:\/\/www.schadenhofer.com\/\",\"name\":\"Landwirtschaftlicher Betrieb Schadenhofer\",\"description\":\"Milchviehbetrieb im Mostviertel\",\"publisher\":{\"@id\":\"http:\/\/www.schadenhofer.com\/#organization\"},\"potentialAction\":[{\"@type\":\"SearchAction\",\"target\":{\"@type\":\"EntryPoint\",\"urlTemplate\":\"http:\/\/www.schadenhofer.com\/?s={search_term_string}\"},\"query-input\":\"required name=search_term_string\"}],\"inLanguage\":\"de\"},{\"@type\":\"Organization\",\"@id\":\"http:\/\/www.schadenhofer.com\/#organization\",\"name\":\"Schadenhofer\",\"alternateName\":\"Landwirtschaftlicher Betrieb Schadenhofer\",\"url\":\"http:\/\/www.schadenhofer.com\/\",\"logo\":{\"@type\":\"ImageObject\",\"inLanguage\":\"de\",\"@id\":\"http:\/\/www.schadenhofer.com\/#\/schema\/logo\/image\/\",\"url\":\"http:\/\/www.schadenhofer.com\/wp-content\/uploads\/2023\/04\/cropped-Banner-neu-Website-scaled-1.jpg\",\"contentUrl\":\"http:\/\/www.schadenhofer.com\/wp-content\/uploads\/2023\/04\/cropped-Banner-neu-Website-scaled-1.jpg\",\"width\":2558,\"height\":367,\"caption\":\"Schadenhofer\"},\"image\":{\"@id\":\"http:\/\/www.schadenhofer.com\/#\/schema\/logo\/image\/\"}}]}<\/script>\n<!-- \/ Yoast SEO plugin. -->","yoast_head_json":{"title":"Impressum - Landwirtschaftlicher Betrieb Schadenhofer","robots":{"index":"index","follow":"follow","max-snippet":"max-snippet:-1","max-image-preview":"max-image-preview:large","max-video-preview":"max-video-preview:-1"},"canonical":"http:\/\/www.schadenhofer.com\/?page_id=22","og_locale":"de_DE","og_type":"article","og_title":"Impressum - Landwirtschaftlicher Betrieb Schadenhofer","og_description":"Landwirtschaftlicher Betrieb Schadenhofer3281 Oberndorf, Weissee 2Tel: +43 676 5044360E-Mail: e.r.schadenhofer@gmail.comBetriebsnummer: 1844725 Zweck des Mediums:Die Website versteht sich als Informationsmedium f\u00fcr alle Interessierten. Copyright:Wenn nicht anders angegeben, liegt das Copyright f\u00fcr die jeweiligen Seiten bei Herr Rupert Schadenhofer.Anregungen sind direkt an Herr Rupert Schadenhofer zu richten. Haftungsinformationen:F\u00fcr Vollst\u00e4ndigkeit, Fehler redaktioneller und technischer Art bzw. Richtigkeit der READ MORE","og_url":"http:\/\/www.schadenhofer.com\/?page_id=22","og_site_name":"Landwirtschaftlicher Betrieb Schadenhofer","article_modified_time":"2023-01-13T14:50:47+00:00","twitter_card":"summary_large_image","twitter_misc":{"Gesch\u00e4tzte Lesezeit":"1\u00a0Minute"},"schema":{"@context":"https:\/\/schema.org","@graph":[{"@type":"WebPage","@id":"http:\/\/www.schadenhofer.com\/?page_id=22","url":"http:\/\/www.schadenhofer.com\/?page_id=22","name":"Impressum - Landwirtschaftlicher Betrieb Schadenhofer","isPartOf":{"@id":"http:\/\/www.schadenhofer.com\/#website"},"datePublished":"2022-10-07T09:59:33+00:00","dateModified":"2023-01-13T14:50:47+00:00","breadcrumb":{"@id":"http:\/\/www.schadenhofer.com\/?page_id=22#breadcrumb"},"inLanguage":"de","potentialAction":[{"@type":"ReadAction","target":["http:\/\/www.schadenhofer.com\/?page_id=22"]}]},{"@type":"BreadcrumbList","@id":"http:\/\/www.schadenhofer.com\/?page_id=22#breadcrumb","itemListElement":[{"@type":"ListItem","position":1,"name":"Startseite","item":"http:\/\/www.schadenhofer.com\/"},{"@type":"ListItem","position":2,"name":"Impressum"}]},{"@type":"WebSite","@id":"http:\/\/www.schadenhofer.com\/#website","url":"http:\/\/www.schadenhofer.com\/","name":"Landwirtschaftlicher Betrieb Schadenhofer","description":"Milchviehbetrieb im Mostviertel","publisher":{"@id":"http:\/\/www.schadenhofer.com\/#organization"},"potentialAction":[{"@type":"SearchAction","target":{"@type":"EntryPoint","urlTemplate":"http:\/\/www.schadenhofer.com\/?s={search_term_string}"},"query-input":"required name=search_term_string"}],"inLanguage":"de"},{"@type":"Organization","@id":"http:\/\/www.schadenhofer.com\/#organization","name":"Schadenhofer","alternateName":"Landwirtschaftlicher Betrieb Schadenhofer","url":"http:\/\/www.schadenhofer.com\/","logo":{"@type":"ImageObject","inLanguage":"de","@id":"http:\/\/www.schadenhofer.com\/#\/schema\/logo\/image\/","url":"http:\/\/www.schadenhofer.com\/wp-content\/uploads\/2023\/04\/cropped-Banner-neu-Website-scaled-1.jpg","contentUrl":"http:\/\/www.schadenhofer.com\/wp-content\/uploads\/2023\/04\/cropped-Banner-neu-Website-scaled-1.jpg","width":2558,"height":367,"caption":"Schadenhofer"},"image":{"@id":"http:\/\/www.schadenhofer.com\/#\/schema\/logo\/image\/"}}]}},"_links":{"self":[{"href":"http:\/\/www.schadenhofer.com\/index.php?rest_route=\/wp\/v2\/pages\/22","targetHints":{"allow":["GET"]}}],"collection":[{"href":"http:\/\/www.schadenhofer.com\/index.php?rest_route=\/wp\/v2\/pages"}],"about":[{"href":"http:\/\/www.schadenhofer.com\/index.php?rest_route=\/wp\/v2\/types\/page"}],"author":[{"embeddable":true,"href":"http:\/\/www.schadenhofer.com\/index.php?rest_route=\/wp\/v2\/users\/1"}],"replies":[{"embeddable":true,"href":"http:\/\/www.schadenhofer.com\/index.php?rest_route=%2Fwp%2Fv2%2Fcomments&post=22"}],"version-history":[{"count":10,"href":"http:\/\/www.schadenhofer.com\/index.php?rest_route=\/wp\/v2\/pages\/22\/revisions"}],"predecessor-version":[{"id":379,"href":"http:\/\/www.schadenhofer.com\/index.php?rest_route=\/wp\/v2\/pages\/22\/revisions\/379"}],"wp:attachment":[{"href":"http:\/\/www.schadenhofer.com\/index.php?rest_route=%2Fwp%2Fv2%2Fmedia&parent=22"}],"curies":[{"name":"wp","href":"https:\/\/api.w.org\/{rel}","templated":true}]}}